{"id":197,"date":"2026-04-27T19:34:33","date_gmt":"2026-04-28T02:34:33","guid":{"rendered":"https:\/\/nightdriveoptics.com\/returns-refunds-policy-2\/"},"modified":"2026-04-27T19:34:33","modified_gmt":"2026-04-28T02:34:33","slug":"returns-refunds-policy","status":"publish","type":"page","link":"https:\/\/nightdriveoptics.com\/de\/returns-refunds-policy\/","title":{"rendered":"R\u00fcckgabe &#038; Erstattung"},"content":{"rendered":"<p>Wenn Passform oder Tragegef\u00fchl nicht passen, k\u00f6nnen Sie Ihre Bestellung innerhalb von 30 Tagen zur\u00fcckgeben. Kontaktieren Sie support@nightdriveoptics.com, bevor Sie eine R\u00fccksendung starten.<\/p>\n","protected":false},"excerpt":{"rendered":"<p>Wenn Passform oder Tragegef\u00fchl nicht passen, k\u00f6nnen Sie Ihre Bestellung innerhalb von 30 Tagen zur\u00fcckgeben. Kontaktieren Sie support@nightdriveoptics.com, bevor Sie eine R\u00fccksendung starten.<\/p>\n","protected":false},"author":0,"featured_media":0,"parent":0,"menu_order":0,"comment_status":"closed","ping_status":"closed","template":"","meta":{"footnotes":""},"class_list":["post-197","page","type-page","status-publish","hentry"],"blocksy_meta":[],"_links":{"self":[{"href":"https:\/\/nightdriveoptics.com\/de\/wp-json\/wp\/v2\/pages\/197","targetHints":{"allow":["GET"]}}],"collection":[{"href":"https:\/\/nightdriveoptics.com\/de\/wp-json\/wp\/v2\/pages"}],"about":[{"href":"https:\/\/nightdriveoptics.com\/de\/wp-json\/wp\/v2\/types\/page"}],"replies":[{"embeddable":true,"href":"https:\/\/nightdriveoptics.com\/de\/wp-json\/wp\/v2\/comments?post=197"}],"version-history":[{"count":0,"href":"https:\/\/nightdriveoptics.com\/de\/wp-json\/wp\/v2\/pages\/197\/revisions"}],"wp:attachment":[{"href":"https:\/\/nightdriveoptics.com\/de\/wp-json\/wp\/v2\/media?parent=197"}],"curies":[{"name":"wp","href":"https:\/\/api.w.org\/{rel}","templated":true}]}}