{"id":259,"date":"2026-04-27T19:34:41","date_gmt":"2026-04-28T02:34:41","guid":{"rendered":"https:\/\/nightdriveoptics.com\/product\/yetta-nachtfahrbrille-gelbe-glaeser-transparentgrau-geometrisch-tr90-fassung\/"},"modified":"2026-05-01T03:29:26","modified_gmt":"2026-05-01T10:29:26","slug":"yetta-nachtfahrbrille-gelbe-glaeser-transparentgrau-geometrisch-tr90-fassung","status":"publish","type":"product","link":"https:\/\/nightdriveoptics.com\/de\/produkt\/yetta-nachtfahrbrille-gelbe-glaeser-transparentgrau-geometrisch-tr90-fassung\/","title":{"rendered":"Yetta Nachtfahrbrille (gelbe T\u00f6nung) &#8211; Transparentgrau Geometrisch TR90-Fassung"},"content":{"rendered":"<ul>\n<li><strong>Fassung:<\/strong> Yetta in Transparentgrau ist eine leichte Geometrisch-Fassung aus TR90 f\u00fcr ein angenehmes, gepflegtes Tragegef\u00fchl.<\/li>\n<li><strong>Gl\u00e4ser:<\/strong> Gelbe Low-Light-T\u00f6nung zur Unterst\u00fctzung von Kontrast und visueller Klarheit bei D\u00e4mmerung, Regen, Nebel und tr\u00fcbem Licht.<\/li>\n<li><strong>Geeignet f\u00fcr:<\/strong> Nachtfahrten, t\u00e4gliches Pendeln und Situationen mit flachem, schwachem Licht.<\/li>\n<li><strong>Schutz:<\/strong> UV400 \/ 100% UVA- und UVB-Schutz.<\/li>\n<\/ul>\n","protected":false},"excerpt":{"rendered":"<p>Fassung: Yetta in Transparentgrau ist eine leichte Geometrisch-Fassung aus TR90 f\u00fcr ein angenehmes, gepflegtes Tragegef\u00fchl. Gl\u00e4ser: Gelbe Low-Light-T\u00f6nung zur Unterst\u00fctzung von Kontrast und visueller Klarheit bei D\u00e4mmerung, Regen, Nebel und tr\u00fcbem Licht. Geeignet f\u00fcr: Nachtfahrten, t\u00e4gliches Pendeln und Situationen mit flachem, schwachem Licht. Schutz: UV400 \/ 100% UVA- und UVB-Schutz.<\/p>\n","protected":false},"featured_media":74,"comment_status":"open","ping_status":"closed","template":"","meta":[],"product_brand":[],"product_cat":[48,47],"product_tag":[],"class_list":{"0":"post-259","1":"product","2":"type-product","3":"status-publish","4":"has-post-thumbnail","6":"product_cat-geometrisch","7":"product_cat-nachtfahrbrillen","9":"first","10":"instock","11":"sale","12":"shipping-taxable","13":"purchasable","14":"product-type-simple"},"_links":{"self":[{"href":"https:\/\/nightdriveoptics.com\/de\/wp-json\/wp\/v2\/product\/259","targetHints":{"allow":["GET"]}}],"collection":[{"href":"https:\/\/nightdriveoptics.com\/de\/wp-json\/wp\/v2\/product"}],"about":[{"href":"https:\/\/nightdriveoptics.com\/de\/wp-json\/wp\/v2\/types\/product"}],"replies":[{"embeddable":true,"href":"https:\/\/nightdriveoptics.com\/de\/wp-json\/wp\/v2\/comments?post=259"}],"wp:featuredmedia":[{"embeddable":true,"href":"https:\/\/nightdriveoptics.com\/de\/wp-json\/wp\/v2\/media\/74"}],"wp:attachment":[{"href":"https:\/\/nightdriveoptics.com\/de\/wp-json\/wp\/v2\/media?parent=259"}],"wp:term":[{"taxonomy":"product_brand","embeddable":true,"href":"https:\/\/nightdriveoptics.com\/de\/wp-json\/wp\/v2\/product_brand?post=259"},{"taxonomy":"product_cat","embeddable":true,"href":"https:\/\/nightdriveoptics.com\/de\/wp-json\/wp\/v2\/product_cat?post=259"},{"taxonomy":"product_tag","embeddable":true,"href":"https:\/\/nightdriveoptics.com\/de\/wp-json\/wp\/v2\/product_tag?post=259"}],"curies":[{"name":"wp","href":"https:\/\/api.w.org\/{rel}","templated":true}]}}