{"id":292,"date":"2026-04-27T19:34:47","date_gmt":"2026-04-28T02:34:47","guid":{"rendered":"https:\/\/nightdriveoptics.com\/product\/dale-nachtfahrbrille-gelbe-glaeser-havanna-oval-tr90-fassung\/"},"modified":"2026-04-30T07:15:35","modified_gmt":"2026-04-30T14:15:35","slug":"dale-nachtfahrbrille-gelbe-glaeser-havanna-oval-tr90-fassung","status":"publish","type":"product","link":"https:\/\/nightdriveoptics.com\/de\/produkt\/dale-nachtfahrbrille-gelbe-glaeser-havanna-oval-tr90-fassung\/","title":{"rendered":"Dale Nachtfahrbrille (gelbe T\u00f6nung) &#8211; Havanna Oval TR90-Fassung"},"content":{"rendered":"<ul>\n<li><strong>Fassung:<\/strong> Dale in Havanna ist eine leichte Oval-Fassung aus TR90 f\u00fcr ein angenehmes, gepflegtes Tragegef\u00fchl.<\/li>\n<li><strong>Gl\u00e4ser:<\/strong> Gelbe Low-Light-T\u00f6nung zur Unterst\u00fctzung von Kontrast und visueller Klarheit bei D\u00e4mmerung, Regen, Nebel und tr\u00fcbem Licht.<\/li>\n<li><strong>Geeignet f\u00fcr:<\/strong> Nachtfahrten, t\u00e4gliches Pendeln und Situationen mit flachem, schwachem Licht.<\/li>\n<li><strong>Schutz:<\/strong> UV400 \/ 100% UVA- und UVB-Schutz.<\/li>\n<\/ul>\n","protected":false},"excerpt":{"rendered":"<p>Fassung: Dale in Havanna ist eine leichte Oval-Fassung aus TR90 f\u00fcr ein angenehmes, gepflegtes Tragegef\u00fchl. Gl\u00e4ser: Gelbe Low-Light-T\u00f6nung zur Unterst\u00fctzung von Kontrast und visueller Klarheit bei D\u00e4mmerung, Regen, Nebel und tr\u00fcbem Licht. Geeignet f\u00fcr: Nachtfahrten, t\u00e4gliches Pendeln und Situationen mit flachem, schwachem Licht. Schutz: UV400 \/ 100% UVA- und UVB-Schutz.<\/p>\n","protected":false},"featured_media":118,"comment_status":"open","ping_status":"closed","template":"","meta":[],"product_brand":[],"product_cat":[47,19],"product_tag":[],"class_list":{"0":"post-292","1":"product","2":"type-product","3":"status-publish","4":"has-post-thumbnail","6":"product_cat-nachtfahrbrillen","7":"product_cat-oval","9":"first","10":"instock","11":"shipping-taxable","12":"purchasable","13":"product-type-simple"},"_links":{"self":[{"href":"https:\/\/nightdriveoptics.com\/de\/wp-json\/wp\/v2\/product\/292","targetHints":{"allow":["GET"]}}],"collection":[{"href":"https:\/\/nightdriveoptics.com\/de\/wp-json\/wp\/v2\/product"}],"about":[{"href":"https:\/\/nightdriveoptics.com\/de\/wp-json\/wp\/v2\/types\/product"}],"replies":[{"embeddable":true,"href":"https:\/\/nightdriveoptics.com\/de\/wp-json\/wp\/v2\/comments?post=292"}],"wp:featuredmedia":[{"embeddable":true,"href":"https:\/\/nightdriveoptics.com\/de\/wp-json\/wp\/v2\/media\/118"}],"wp:attachment":[{"href":"https:\/\/nightdriveoptics.com\/de\/wp-json\/wp\/v2\/media?parent=292"}],"wp:term":[{"taxonomy":"product_brand","embeddable":true,"href":"https:\/\/nightdriveoptics.com\/de\/wp-json\/wp\/v2\/product_brand?post=292"},{"taxonomy":"product_cat","embeddable":true,"href":"https:\/\/nightdriveoptics.com\/de\/wp-json\/wp\/v2\/product_cat?post=292"},{"taxonomy":"product_tag","embeddable":true,"href":"https:\/\/nightdriveoptics.com\/de\/wp-json\/wp\/v2\/product_tag?post=292"}],"curies":[{"name":"wp","href":"https:\/\/api.w.org\/{rel}","templated":true}]}}