{"id":295,"date":"2026-04-27T19:34:48","date_gmt":"2026-04-28T02:34:48","guid":{"rendered":"https:\/\/nightdriveoptics.com\/product\/jo-nachtfahrbrille-gelbe-glaeser-gold-rund-metall-fassung\/"},"modified":"2026-04-30T07:15:34","modified_gmt":"2026-04-30T14:15:34","slug":"jo-nachtfahrbrille-gelbe-glaeser-gold-rund-metall-fassung","status":"publish","type":"product","link":"https:\/\/nightdriveoptics.com\/de\/produkt\/jo-nachtfahrbrille-gelbe-glaeser-gold-rund-metall-fassung\/","title":{"rendered":"Jo Nachtfahrbrille (gelbe T\u00f6nung) &#8211; Gold Rund Metall-Fassung"},"content":{"rendered":"<ul>\n<li><strong>Fassung:<\/strong> Jo in Gold ist eine leichte Rund-Fassung aus Metall f\u00fcr ein angenehmes, gepflegtes Tragegef\u00fchl.<\/li>\n<li><strong>Gl\u00e4ser:<\/strong> Gelbe Low-Light-T\u00f6nung zur Unterst\u00fctzung von Kontrast und visueller Klarheit bei D\u00e4mmerung, Regen, Nebel und tr\u00fcbem Licht.<\/li>\n<li><strong>Geeignet f\u00fcr:<\/strong> Nachtfahrten, t\u00e4gliches Pendeln und Situationen mit flachem, schwachem Licht.<\/li>\n<li><strong>Schutz:<\/strong> UV400 \/ 100% UVA- und UVB-Schutz.<\/li>\n<li><strong>Gr\u00f6\u00dfe:<\/strong> 52 mm lens \/ 21 mm bridge \/ 145 mm temples; approx. 141 mm frame width; lens height 53 mm; PD 50-78 mm.<\/li>\n<\/ul>\n","protected":false},"excerpt":{"rendered":"<p>Fassung: Jo in Gold ist eine leichte Rund-Fassung aus Metall f\u00fcr ein angenehmes, gepflegtes Tragegef\u00fchl. Gl\u00e4ser: Gelbe Low-Light-T\u00f6nung zur Unterst\u00fctzung von Kontrast und visueller Klarheit bei D\u00e4mmerung, Regen, Nebel und tr\u00fcbem Licht. Geeignet f\u00fcr: Nachtfahrten, t\u00e4gliches Pendeln und Situationen mit flachem, schwachem Licht. Schutz: UV400 \/ 100% UVA- und UVB-Schutz. Gr\u00f6\u00dfe: 52 mm lens \/ [&hellip;]<\/p>\n","protected":false},"featured_media":122,"comment_status":"open","ping_status":"closed","template":"","meta":[],"product_brand":[],"product_cat":[47,50],"product_tag":[],"class_list":{"0":"post-295","1":"product","2":"type-product","3":"status-publish","4":"has-post-thumbnail","6":"product_cat-nachtfahrbrillen","7":"product_cat-rund","9":"first","10":"instock","11":"shipping-taxable","12":"purchasable","13":"product-type-simple"},"_links":{"self":[{"href":"https:\/\/nightdriveoptics.com\/de\/wp-json\/wp\/v2\/product\/295","targetHints":{"allow":["GET"]}}],"collection":[{"href":"https:\/\/nightdriveoptics.com\/de\/wp-json\/wp\/v2\/product"}],"about":[{"href":"https:\/\/nightdriveoptics.com\/de\/wp-json\/wp\/v2\/types\/product"}],"replies":[{"embeddable":true,"href":"https:\/\/nightdriveoptics.com\/de\/wp-json\/wp\/v2\/comments?post=295"}],"wp:featuredmedia":[{"embeddable":true,"href":"https:\/\/nightdriveoptics.com\/de\/wp-json\/wp\/v2\/media\/122"}],"wp:attachment":[{"href":"https:\/\/nightdriveoptics.com\/de\/wp-json\/wp\/v2\/media?parent=295"}],"wp:term":[{"taxonomy":"product_brand","embeddable":true,"href":"https:\/\/nightdriveoptics.com\/de\/wp-json\/wp\/v2\/product_brand?post=295"},{"taxonomy":"product_cat","embeddable":true,"href":"https:\/\/nightdriveoptics.com\/de\/wp-json\/wp\/v2\/product_cat?post=295"},{"taxonomy":"product_tag","embeddable":true,"href":"https:\/\/nightdriveoptics.com\/de\/wp-json\/wp\/v2\/product_tag?post=295"}],"curies":[{"name":"wp","href":"https:\/\/api.w.org\/{rel}","templated":true}]}}