{"id":219,"date":"2026-04-27T19:34:34","date_gmt":"2026-04-28T02:34:34","guid":{"rendered":"https:\/\/nightdriveoptics.com\/returns-refunds-policy-2\/"},"modified":"2026-04-27T19:34:34","modified_gmt":"2026-04-28T02:34:34","slug":"returns-refunds-policy","status":"publish","type":"page","link":"https:\/\/nightdriveoptics.com\/es\/returns-refunds-policy\/","title":{"rendered":"Devoluciones y reembolsos"},"content":{"rendered":"<p>Si el ajuste o la sensaci\u00f3n no son adecuados, puedes devolver tu pedido en un plazo de 30 d\u00edas. Contacta con support@nightdriveoptics.com antes de iniciar una devoluci\u00f3n.<\/p>\n","protected":false},"excerpt":{"rendered":"<p>Si el ajuste o la sensaci\u00f3n no son adecuados, puedes devolver tu pedido en un plazo de 30 d\u00edas. Contacta con support@nightdriveoptics.com antes de iniciar una devoluci\u00f3n.<\/p>\n","protected":false},"author":0,"featured_media":0,"parent":0,"menu_order":0,"comment_status":"closed","ping_status":"closed","template":"","meta":{"footnotes":""},"class_list":["post-219","page","type-page","status-publish","hentry"],"blocksy_meta":[],"_links":{"self":[{"href":"https:\/\/nightdriveoptics.com\/es\/wp-json\/wp\/v2\/pages\/219","targetHints":{"allow":["GET"]}}],"collection":[{"href":"https:\/\/nightdriveoptics.com\/es\/wp-json\/wp\/v2\/pages"}],"about":[{"href":"https:\/\/nightdriveoptics.com\/es\/wp-json\/wp\/v2\/types\/page"}],"replies":[{"embeddable":true,"href":"https:\/\/nightdriveoptics.com\/es\/wp-json\/wp\/v2\/comments?post=219"}],"version-history":[{"count":0,"href":"https:\/\/nightdriveoptics.com\/es\/wp-json\/wp\/v2\/pages\/219\/revisions"}],"wp:attachment":[{"href":"https:\/\/nightdriveoptics.com\/es\/wp-json\/wp\/v2\/media?parent=219"}],"curies":[{"name":"wp","href":"https:\/\/api.w.org\/{rel}","templated":true}]}}