{"id":221,"date":"2026-04-27T19:34:34","date_gmt":"2026-04-28T02:34:34","guid":{"rendered":"https:\/\/nightdriveoptics.com\/privacy-policy-2\/"},"modified":"2026-04-27T19:34:34","modified_gmt":"2026-04-28T02:34:34","slug":"privacy-policy","status":"publish","type":"page","link":"https:\/\/nightdriveoptics.com\/es\/privacy-policy\/","title":{"rendered":"Pol\u00edtica de privacidad"},"content":{"rendered":"<p>Night Drive Optics procesa datos de clientes \u00fanicamente para pedidos, atenci\u00f3n al cliente, pagos y mejora de la experiencia de compra.<\/p>\n","protected":false},"excerpt":{"rendered":"<p>Night Drive Optics procesa datos de clientes \u00fanicamente para pedidos, atenci\u00f3n al cliente, pagos y mejora de la experiencia de compra.<\/p>\n","protected":false},"author":1,"featured_media":0,"parent":0,"menu_order":0,"comment_status":"closed","ping_status":"closed","template":"","meta":{"footnotes":""},"class_list":["post-221","page","type-page","status-publish","hentry"],"blocksy_meta":[],"_links":{"self":[{"href":"https:\/\/nightdriveoptics.com\/es\/wp-json\/wp\/v2\/pages\/221","targetHints":{"allow":["GET"]}}],"collection":[{"href":"https:\/\/nightdriveoptics.com\/es\/wp-json\/wp\/v2\/pages"}],"about":[{"href":"https:\/\/nightdriveoptics.com\/es\/wp-json\/wp\/v2\/types\/page"}],"author":[{"embeddable":true,"href":"https:\/\/nightdriveoptics.com\/es\/wp-json\/wp\/v2\/users\/1"}],"replies":[{"embeddable":true,"href":"https:\/\/nightdriveoptics.com\/es\/wp-json\/wp\/v2\/comments?post=221"}],"version-history":[{"count":0,"href":"https:\/\/nightdriveoptics.com\/es\/wp-json\/wp\/v2\/pages\/221\/revisions"}],"wp:attachment":[{"href":"https:\/\/nightdriveoptics.com\/es\/wp-json\/wp\/v2\/media?parent=221"}],"curies":[{"name":"wp","href":"https:\/\/api.w.org\/{rel}","templated":true}]}}