{"id":222,"date":"2026-04-27T19:34:34","date_gmt":"2026-04-28T02:34:34","guid":{"rendered":"https:\/\/nightdriveoptics.com\/cookie-policy-2\/"},"modified":"2026-04-27T19:34:34","modified_gmt":"2026-04-28T02:34:34","slug":"cookie-policy","status":"publish","type":"page","link":"https:\/\/nightdriveoptics.com\/es\/cookie-policy\/","title":{"rendered":"Pol\u00edtica de cookies"},"content":{"rendered":"<p>Este sitio utiliza cookies necesarias para el carrito, el pago, la selecci\u00f3n de moneda y funciones b\u00e1sicas de an\u00e1lisis.<\/p>\n","protected":false},"excerpt":{"rendered":"<p>Este sitio utiliza cookies necesarias para el carrito, el pago, la selecci\u00f3n de moneda y funciones b\u00e1sicas de an\u00e1lisis.<\/p>\n","protected":false},"author":0,"featured_media":0,"parent":0,"menu_order":0,"comment_status":"closed","ping_status":"closed","template":"","meta":{"footnotes":""},"class_list":["post-222","page","type-page","status-publish","hentry"],"blocksy_meta":[],"_links":{"self":[{"href":"https:\/\/nightdriveoptics.com\/es\/wp-json\/wp\/v2\/pages\/222","targetHints":{"allow":["GET"]}}],"collection":[{"href":"https:\/\/nightdriveoptics.com\/es\/wp-json\/wp\/v2\/pages"}],"about":[{"href":"https:\/\/nightdriveoptics.com\/es\/wp-json\/wp\/v2\/types\/page"}],"replies":[{"embeddable":true,"href":"https:\/\/nightdriveoptics.com\/es\/wp-json\/wp\/v2\/comments?post=222"}],"version-history":[{"count":0,"href":"https:\/\/nightdriveoptics.com\/es\/wp-json\/wp\/v2\/pages\/222\/revisions"}],"wp:attachment":[{"href":"https:\/\/nightdriveoptics.com\/es\/wp-json\/wp\/v2\/media?parent=222"}],"curies":[{"name":"wp","href":"https:\/\/api.w.org\/{rel}","templated":true}]}}