{"id":252,"date":"2026-04-27T19:34:40","date_gmt":"2026-04-28T02:34:40","guid":{"rendered":"https:\/\/nightdriveoptics.com\/product\/poppy-gafas-conducir-noche-tinte-amarillo-montura-geometrica-negro-brillante-tr90\/"},"modified":"2026-05-01T03:29:26","modified_gmt":"2026-05-01T10:29:26","slug":"poppy-gafas-conducir-noche-tinte-amarillo-montura-geometrica-negro-brillante-tr90","status":"publish","type":"product","link":"https:\/\/nightdriveoptics.com\/es\/producto\/poppy-gafas-conducir-noche-tinte-amarillo-montura-geometrica-negro-brillante-tr90\/","title":{"rendered":"Poppy gafas para conducir de noche (tinte amarillo) &#8211; montura Geom\u00e9trica Negro brillante de TR90"},"content":{"rendered":"<ul>\n<li><strong>Montura:<\/strong> Poppy en Negro brillante es una montura Geom\u00e9trica ligera de TR90, pensada para una sensaci\u00f3n c\u00f3moda y cuidada.<\/li>\n<li><strong>Lentes:<\/strong> Tinte amarillo para poca luz, dise\u00f1ado para ayudar al contraste y la claridad visual al atardecer, con lluvia, neblina o luz tenue.<\/li>\n<li><strong>Ideal para:<\/strong> Conducci\u00f3n nocturna, desplazamientos diarios y momentos en los que la luz se ve apagada.<\/li>\n<li><strong>Protecci\u00f3n:<\/strong> UV400 \/ protecci\u00f3n 100% UVA\/UVB.<\/li>\n<\/ul>\n","protected":false},"excerpt":{"rendered":"<p>Montura: Poppy en Negro brillante es una montura Geom\u00e9trica ligera de TR90, pensada para una sensaci\u00f3n c\u00f3moda y cuidada. Lentes: Tinte amarillo para poca luz, dise\u00f1ado para ayudar al contraste y la claridad visual al atardecer, con lluvia, neblina o luz tenue. Ideal para: Conducci\u00f3n nocturna, desplazamientos diarios y momentos en los que la luz [&hellip;]<\/p>\n","protected":false},"featured_media":62,"comment_status":"open","ping_status":"closed","template":"","meta":[],"product_brand":[],"product_cat":[65,63,64],"product_tag":[],"class_list":{"0":"post-252","1":"product","2":"type-product","3":"status-publish","4":"has-post-thumbnail","6":"product_cat-cuadrada","7":"product_cat-gafas-conducir-noche","8":"product_cat-geometrica","10":"first","11":"instock","12":"sale","13":"shipping-taxable","14":"purchasable","15":"product-type-simple"},"_links":{"self":[{"href":"https:\/\/nightdriveoptics.com\/es\/wp-json\/wp\/v2\/product\/252","targetHints":{"allow":["GET"]}}],"collection":[{"href":"https:\/\/nightdriveoptics.com\/es\/wp-json\/wp\/v2\/product"}],"about":[{"href":"https:\/\/nightdriveoptics.com\/es\/wp-json\/wp\/v2\/types\/product"}],"replies":[{"embeddable":true,"href":"https:\/\/nightdriveoptics.com\/es\/wp-json\/wp\/v2\/comments?post=252"}],"wp:featuredmedia":[{"embeddable":true,"href":"https:\/\/nightdriveoptics.com\/es\/wp-json\/wp\/v2\/media\/62"}],"wp:attachment":[{"href":"https:\/\/nightdriveoptics.com\/es\/wp-json\/wp\/v2\/media?parent=252"}],"wp:term":[{"taxonomy":"product_brand","embeddable":true,"href":"https:\/\/nightdriveoptics.com\/es\/wp-json\/wp\/v2\/product_brand?post=252"},{"taxonomy":"product_cat","embeddable":true,"href":"https:\/\/nightdriveoptics.com\/es\/wp-json\/wp\/v2\/product_cat?post=252"},{"taxonomy":"product_tag","embeddable":true,"href":"https:\/\/nightdriveoptics.com\/es\/wp-json\/wp\/v2\/product_tag?post=252"}],"curies":[{"name":"wp","href":"https:\/\/api.w.org\/{rel}","templated":true}]}}