{"id":300,"date":"2026-04-27T19:34:49","date_gmt":"2026-04-28T02:34:49","guid":{"rendered":"https:\/\/nightdriveoptics.com\/product\/lora-gafas-conducir-noche-tinte-amarillo-montura-redonda-transparente-tr90\/"},"modified":"2026-04-30T07:15:32","modified_gmt":"2026-04-30T14:15:32","slug":"lora-gafas-conducir-noche-tinte-amarillo-montura-redonda-transparente-tr90","status":"publish","type":"product","link":"https:\/\/nightdriveoptics.com\/es\/producto\/lora-gafas-conducir-noche-tinte-amarillo-montura-redonda-transparente-tr90\/","title":{"rendered":"Lora gafas para conducir de noche (tinte amarillo) &#8211; montura Redonda Transparente de TR90"},"content":{"rendered":"<ul>\n<li><strong>Montura:<\/strong> Lora en Transparente es una montura Redonda ligera de TR90, pensada para una sensaci\u00f3n c\u00f3moda y cuidada.<\/li>\n<li><strong>Lentes:<\/strong> Tinte amarillo para poca luz, dise\u00f1ado para ayudar al contraste y la claridad visual al atardecer, con lluvia, neblina o luz tenue.<\/li>\n<li><strong>Ideal para:<\/strong> Conducci\u00f3n nocturna, desplazamientos diarios y momentos en los que la luz se ve apagada.<\/li>\n<li><strong>Protecci\u00f3n:<\/strong> UV400 \/ protecci\u00f3n 100% UVA\/UVB.<\/li>\n<\/ul>\n","protected":false},"excerpt":{"rendered":"<p>Montura: Lora en Transparente es una montura Redonda ligera de TR90, pensada para una sensaci\u00f3n c\u00f3moda y cuidada. Lentes: Tinte amarillo para poca luz, dise\u00f1ado para ayudar al contraste y la claridad visual al atardecer, con lluvia, neblina o luz tenue. Ideal para: Conducci\u00f3n nocturna, desplazamientos diarios y momentos en los que la luz se [&hellip;]<\/p>\n","protected":false},"featured_media":126,"comment_status":"open","ping_status":"closed","template":"","meta":[],"product_brand":[],"product_cat":[63,69],"product_tag":[],"class_list":{"0":"post-300","1":"product","2":"type-product","3":"status-publish","4":"has-post-thumbnail","6":"product_cat-gafas-conducir-noche","7":"product_cat-redonda","9":"first","10":"instock","11":"shipping-taxable","12":"purchasable","13":"product-type-simple"},"_links":{"self":[{"href":"https:\/\/nightdriveoptics.com\/es\/wp-json\/wp\/v2\/product\/300","targetHints":{"allow":["GET"]}}],"collection":[{"href":"https:\/\/nightdriveoptics.com\/es\/wp-json\/wp\/v2\/product"}],"about":[{"href":"https:\/\/nightdriveoptics.com\/es\/wp-json\/wp\/v2\/types\/product"}],"replies":[{"embeddable":true,"href":"https:\/\/nightdriveoptics.com\/es\/wp-json\/wp\/v2\/comments?post=300"}],"wp:featuredmedia":[{"embeddable":true,"href":"https:\/\/nightdriveoptics.com\/es\/wp-json\/wp\/v2\/media\/126"}],"wp:attachment":[{"href":"https:\/\/nightdriveoptics.com\/es\/wp-json\/wp\/v2\/media?parent=300"}],"wp:term":[{"taxonomy":"product_brand","embeddable":true,"href":"https:\/\/nightdriveoptics.com\/es\/wp-json\/wp\/v2\/product_brand?post=300"},{"taxonomy":"product_cat","embeddable":true,"href":"https:\/\/nightdriveoptics.com\/es\/wp-json\/wp\/v2\/product_cat?post=300"},{"taxonomy":"product_tag","embeddable":true,"href":"https:\/\/nightdriveoptics.com\/es\/wp-json\/wp\/v2\/product_tag?post=300"}],"curies":[{"name":"wp","href":"https:\/\/api.w.org\/{rel}","templated":true}]}}