{"id":207,"date":"2026-04-27T19:34:34","date_gmt":"2026-04-28T02:34:34","guid":{"rendered":"https:\/\/nightdriveoptics.com\/shipping-policy-2\/"},"modified":"2026-04-27T19:34:34","modified_gmt":"2026-04-28T02:34:34","slug":"shipping-policy","status":"publish","type":"page","link":"https:\/\/nightdriveoptics.com\/fr\/shipping-policy\/","title":{"rendered":"Politique de livraison"},"content":{"rendered":"<p>Night Drive Optics propose la livraison gratuite. Les commandes sont trait\u00e9es d\u00e8s que possible ; les d\u00e9lais peuvent varier selon la destination.<\/p>\n","protected":false},"excerpt":{"rendered":"<p>Night Drive Optics propose la livraison gratuite. Les commandes sont trait\u00e9es d\u00e8s que possible ; les d\u00e9lais peuvent varier selon la destination.<\/p>\n","protected":false},"author":0,"featured_media":0,"parent":0,"menu_order":0,"comment_status":"closed","ping_status":"closed","template":"","meta":{"footnotes":""},"class_list":["post-207","page","type-page","status-publish","hentry"],"blocksy_meta":[],"_links":{"self":[{"href":"https:\/\/nightdriveoptics.com\/fr\/wp-json\/wp\/v2\/pages\/207","targetHints":{"allow":["GET"]}}],"collection":[{"href":"https:\/\/nightdriveoptics.com\/fr\/wp-json\/wp\/v2\/pages"}],"about":[{"href":"https:\/\/nightdriveoptics.com\/fr\/wp-json\/wp\/v2\/types\/page"}],"replies":[{"embeddable":true,"href":"https:\/\/nightdriveoptics.com\/fr\/wp-json\/wp\/v2\/comments?post=207"}],"version-history":[{"count":0,"href":"https:\/\/nightdriveoptics.com\/fr\/wp-json\/wp\/v2\/pages\/207\/revisions"}],"wp:attachment":[{"href":"https:\/\/nightdriveoptics.com\/fr\/wp-json\/wp\/v2\/media?parent=207"}],"curies":[{"name":"wp","href":"https:\/\/api.w.org\/{rel}","templated":true}]}}