{"id":209,"date":"2026-04-27T19:34:34","date_gmt":"2026-04-28T02:34:34","guid":{"rendered":"https:\/\/nightdriveoptics.com\/terms-conditions-2\/"},"modified":"2026-04-27T19:34:34","modified_gmt":"2026-04-28T02:34:34","slug":"terms-conditions","status":"publish","type":"page","link":"https:\/\/nightdriveoptics.com\/fr\/terms-conditions\/","title":{"rendered":"Conditions g\u00e9n\u00e9rales"},"content":{"rendered":"<p>Cette page r\u00e9sume les conditions g\u00e9n\u00e9rales applicables aux achats chez Night Drive Optics. Les produits sont con\u00e7us pour le confort visuel et ne remplacent pas les habitudes de conduite s\u00fbres ni les r\u00e8gles locales.<\/p>\n","protected":false},"excerpt":{"rendered":"<p>Cette page r\u00e9sume les conditions g\u00e9n\u00e9rales applicables aux achats chez Night Drive Optics. Les produits sont con\u00e7us pour le confort visuel et ne remplacent pas les habitudes de conduite s\u00fbres ni les r\u00e8gles locales.<\/p>\n","protected":false},"author":0,"featured_media":0,"parent":0,"menu_order":0,"comment_status":"closed","ping_status":"closed","template":"","meta":{"footnotes":""},"class_list":["post-209","page","type-page","status-publish","hentry"],"blocksy_meta":[],"_links":{"self":[{"href":"https:\/\/nightdriveoptics.com\/fr\/wp-json\/wp\/v2\/pages\/209","targetHints":{"allow":["GET"]}}],"collection":[{"href":"https:\/\/nightdriveoptics.com\/fr\/wp-json\/wp\/v2\/pages"}],"about":[{"href":"https:\/\/nightdriveoptics.com\/fr\/wp-json\/wp\/v2\/types\/page"}],"replies":[{"embeddable":true,"href":"https:\/\/nightdriveoptics.com\/fr\/wp-json\/wp\/v2\/comments?post=209"}],"version-history":[{"count":0,"href":"https:\/\/nightdriveoptics.com\/fr\/wp-json\/wp\/v2\/pages\/209\/revisions"}],"wp:attachment":[{"href":"https:\/\/nightdriveoptics.com\/fr\/wp-json\/wp\/v2\/media?parent=209"}],"curies":[{"name":"wp","href":"https:\/\/api.w.org\/{rel}","templated":true}]}}