{"id":272,"date":"2026-04-27T19:34:44","date_gmt":"2026-04-28T02:34:44","guid":{"rendered":"https:\/\/nightdriveoptics.com\/product\/cherry-lunettes-conduite-nuit-verres-jaunes-monture-geometrique-grise-tr90\/"},"modified":"2026-05-01T03:29:26","modified_gmt":"2026-05-01T10:29:26","slug":"cherry-lunettes-conduite-nuit-verres-jaunes-monture-geometrique-grise-tr90","status":"publish","type":"product","link":"https:\/\/nightdriveoptics.com\/fr\/produit\/cherry-lunettes-conduite-nuit-verres-jaunes-monture-geometrique-grise-tr90\/","title":{"rendered":"Cherry lunettes de conduite de nuit (verres jaunes) &#8211; monture G\u00e9om\u00e9trique Grise en TR90"},"content":{"rendered":"<ul>\n<li><strong>Monture :<\/strong> Cherry en Grise est une monture G\u00e9om\u00e9trique l\u00e9g\u00e8re en TR90, pens\u00e9e pour un port confortable et soign\u00e9.<\/li>\n<li><strong>Verres :<\/strong> Teinte jaune pour faible luminosit\u00e9, con\u00e7ue pour aider le contraste et la clart\u00e9 visuelle au cr\u00e9puscule, sous la pluie, dans la brume ou par temps couvert.<\/li>\n<li><strong>Id\u00e9al pour :<\/strong> Conduite de nuit, trajets quotidiens et moments o\u00f9 la lumi\u00e8re devient plate.<\/li>\n<li><strong>Protection :<\/strong> UV400 \/ protection 100% UVA\/UVB.<\/li>\n<\/ul>\n","protected":false},"excerpt":{"rendered":"<p>Monture : Cherry en Grise est une monture G\u00e9om\u00e9trique l\u00e9g\u00e8re en TR90, pens\u00e9e pour un port confortable et soign\u00e9. Verres : Teinte jaune pour faible luminosit\u00e9, con\u00e7ue pour aider le contraste et la clart\u00e9 visuelle au cr\u00e9puscule, sous la pluie, dans la brume ou par temps couvert. Id\u00e9al pour : Conduite de nuit, trajets quotidiens [&hellip;]<\/p>\n","protected":false},"featured_media":90,"comment_status":"open","ping_status":"closed","template":"","meta":[],"product_brand":[],"product_cat":[54,53,56,59],"product_tag":[],"class_list":{"0":"post-272","1":"product","2":"type-product","3":"status-publish","4":"has-post-thumbnail","6":"product_cat-geometrique","7":"product_cat-lunettes-conduite-nuit","8":"product_cat-ovale","9":"product_cat-ronde","11":"first","12":"instock","13":"sale","14":"shipping-taxable","15":"purchasable","16":"product-type-simple"},"_links":{"self":[{"href":"https:\/\/nightdriveoptics.com\/fr\/wp-json\/wp\/v2\/product\/272","targetHints":{"allow":["GET"]}}],"collection":[{"href":"https:\/\/nightdriveoptics.com\/fr\/wp-json\/wp\/v2\/product"}],"about":[{"href":"https:\/\/nightdriveoptics.com\/fr\/wp-json\/wp\/v2\/types\/product"}],"replies":[{"embeddable":true,"href":"https:\/\/nightdriveoptics.com\/fr\/wp-json\/wp\/v2\/comments?post=272"}],"wp:featuredmedia":[{"embeddable":true,"href":"https:\/\/nightdriveoptics.com\/fr\/wp-json\/wp\/v2\/media\/90"}],"wp:attachment":[{"href":"https:\/\/nightdriveoptics.com\/fr\/wp-json\/wp\/v2\/media?parent=272"}],"wp:term":[{"taxonomy":"product_brand","embeddable":true,"href":"https:\/\/nightdriveoptics.com\/fr\/wp-json\/wp\/v2\/product_brand?post=272"},{"taxonomy":"product_cat","embeddable":true,"href":"https:\/\/nightdriveoptics.com\/fr\/wp-json\/wp\/v2\/product_cat?post=272"},{"taxonomy":"product_tag","embeddable":true,"href":"https:\/\/nightdriveoptics.com\/fr\/wp-json\/wp\/v2\/product_tag?post=272"}],"curies":[{"name":"wp","href":"https:\/\/api.w.org\/{rel}","templated":true}]}}