{"id":296,"date":"2026-04-27T19:34:48","date_gmt":"2026-04-28T02:34:48","guid":{"rendered":"https:\/\/nightdriveoptics.com\/product\/jo-lunettes-conduite-nuit-verres-jaunes-monture-ronde-doree-metal\/"},"modified":"2026-04-30T07:15:34","modified_gmt":"2026-04-30T14:15:34","slug":"jo-lunettes-conduite-nuit-verres-jaunes-monture-ronde-doree-metal","status":"publish","type":"product","link":"https:\/\/nightdriveoptics.com\/fr\/produit\/jo-lunettes-conduite-nuit-verres-jaunes-monture-ronde-doree-metal\/","title":{"rendered":"Jo lunettes de conduite de nuit (verres jaunes) &#8211; monture Ronde Dor\u00e9e en m\u00e9tal"},"content":{"rendered":"<ul>\n<li><strong>Monture :<\/strong> Jo en Dor\u00e9e est une monture Ronde l\u00e9g\u00e8re en m\u00e9tal, pens\u00e9e pour un port confortable et soign\u00e9.<\/li>\n<li><strong>Verres :<\/strong> Teinte jaune pour faible luminosit\u00e9, con\u00e7ue pour aider le contraste et la clart\u00e9 visuelle au cr\u00e9puscule, sous la pluie, dans la brume ou par temps couvert.<\/li>\n<li><strong>Id\u00e9al pour :<\/strong> Conduite de nuit, trajets quotidiens et moments o\u00f9 la lumi\u00e8re devient plate.<\/li>\n<li><strong>Protection :<\/strong> UV400 \/ protection 100% UVA\/UVB.<\/li>\n<li><strong>Taille :<\/strong> 52 mm lens \/ 21 mm bridge \/ 145 mm temples; approx. 141 mm frame width; lens height 53 mm; PD 50-78 mm.<\/li>\n<\/ul>\n","protected":false},"excerpt":{"rendered":"<p>Monture : Jo en Dor\u00e9e est une monture Ronde l\u00e9g\u00e8re en m\u00e9tal, pens\u00e9e pour un port confortable et soign\u00e9. Verres : Teinte jaune pour faible luminosit\u00e9, con\u00e7ue pour aider le contraste et la clart\u00e9 visuelle au cr\u00e9puscule, sous la pluie, dans la brume ou par temps couvert. Id\u00e9al pour : Conduite de nuit, trajets quotidiens [&hellip;]<\/p>\n","protected":false},"featured_media":122,"comment_status":"open","ping_status":"closed","template":"","meta":[],"product_brand":[],"product_cat":[53,59],"product_tag":[],"class_list":{"0":"post-296","1":"product","2":"type-product","3":"status-publish","4":"has-post-thumbnail","6":"product_cat-lunettes-conduite-nuit","7":"product_cat-ronde","9":"first","10":"instock","11":"shipping-taxable","12":"purchasable","13":"product-type-simple"},"_links":{"self":[{"href":"https:\/\/nightdriveoptics.com\/fr\/wp-json\/wp\/v2\/product\/296","targetHints":{"allow":["GET"]}}],"collection":[{"href":"https:\/\/nightdriveoptics.com\/fr\/wp-json\/wp\/v2\/product"}],"about":[{"href":"https:\/\/nightdriveoptics.com\/fr\/wp-json\/wp\/v2\/types\/product"}],"replies":[{"embeddable":true,"href":"https:\/\/nightdriveoptics.com\/fr\/wp-json\/wp\/v2\/comments?post=296"}],"wp:featuredmedia":[{"embeddable":true,"href":"https:\/\/nightdriveoptics.com\/fr\/wp-json\/wp\/v2\/media\/122"}],"wp:attachment":[{"href":"https:\/\/nightdriveoptics.com\/fr\/wp-json\/wp\/v2\/media?parent=296"}],"wp:term":[{"taxonomy":"product_brand","embeddable":true,"href":"https:\/\/nightdriveoptics.com\/fr\/wp-json\/wp\/v2\/product_brand?post=296"},{"taxonomy":"product_cat","embeddable":true,"href":"https:\/\/nightdriveoptics.com\/fr\/wp-json\/wp\/v2\/product_cat?post=296"},{"taxonomy":"product_tag","embeddable":true,"href":"https:\/\/nightdriveoptics.com\/fr\/wp-json\/wp\/v2\/product_tag?post=296"}],"curies":[{"name":"wp","href":"https:\/\/api.w.org\/{rel}","templated":true}]}}