{"id":302,"date":"2026-04-27T19:34:49","date_gmt":"2026-04-28T02:34:49","guid":{"rendered":"https:\/\/nightdriveoptics.com\/product\/joyce-lunettes-conduite-nuit-verres-jaunes-monture-ovale-noire-tr90\/"},"modified":"2026-04-30T07:15:33","modified_gmt":"2026-04-30T14:15:33","slug":"joyce-lunettes-conduite-nuit-verres-jaunes-monture-ovale-noire-tr90","status":"publish","type":"product","link":"https:\/\/nightdriveoptics.com\/fr\/produit\/joyce-lunettes-conduite-nuit-verres-jaunes-monture-ovale-noire-tr90\/","title":{"rendered":"Joyce lunettes de conduite de nuit (verres jaunes) &#8211; monture Ovale Noire en TR90"},"content":{"rendered":"<ul>\n<li><strong>Monture :<\/strong> Joyce en Noire est une monture Ovale l\u00e9g\u00e8re en TR90, pens\u00e9e pour un port confortable et soign\u00e9.<\/li>\n<li><strong>Verres :<\/strong> Teinte jaune pour faible luminosit\u00e9, con\u00e7ue pour aider le contraste et la clart\u00e9 visuelle au cr\u00e9puscule, sous la pluie, dans la brume ou par temps couvert.<\/li>\n<li><strong>Id\u00e9al pour :<\/strong> Conduite de nuit, trajets quotidiens et moments o\u00f9 la lumi\u00e8re devient plate.<\/li>\n<li><strong>Protection :<\/strong> UV400 \/ protection 100% UVA\/UVB.<\/li>\n<\/ul>\n","protected":false},"excerpt":{"rendered":"<p>Monture : Joyce en Noire est une monture Ovale l\u00e9g\u00e8re en TR90, pens\u00e9e pour un port confortable et soign\u00e9. Verres : Teinte jaune pour faible luminosit\u00e9, con\u00e7ue pour aider le contraste et la clart\u00e9 visuelle au cr\u00e9puscule, sous la pluie, dans la brume ou par temps couvert. Id\u00e9al pour : Conduite de nuit, trajets quotidiens [&hellip;]<\/p>\n","protected":false},"featured_media":130,"comment_status":"open","ping_status":"closed","template":"","meta":[],"product_brand":[],"product_cat":[53,56],"product_tag":[],"class_list":{"0":"post-302","1":"product","2":"type-product","3":"status-publish","4":"has-post-thumbnail","6":"product_cat-lunettes-conduite-nuit","7":"product_cat-ovale","9":"first","10":"instock","11":"shipping-taxable","12":"purchasable","13":"product-type-simple"},"_links":{"self":[{"href":"https:\/\/nightdriveoptics.com\/fr\/wp-json\/wp\/v2\/product\/302","targetHints":{"allow":["GET"]}}],"collection":[{"href":"https:\/\/nightdriveoptics.com\/fr\/wp-json\/wp\/v2\/product"}],"about":[{"href":"https:\/\/nightdriveoptics.com\/fr\/wp-json\/wp\/v2\/types\/product"}],"replies":[{"embeddable":true,"href":"https:\/\/nightdriveoptics.com\/fr\/wp-json\/wp\/v2\/comments?post=302"}],"wp:featuredmedia":[{"embeddable":true,"href":"https:\/\/nightdriveoptics.com\/fr\/wp-json\/wp\/v2\/media\/130"}],"wp:attachment":[{"href":"https:\/\/nightdriveoptics.com\/fr\/wp-json\/wp\/v2\/media?parent=302"}],"wp:term":[{"taxonomy":"product_brand","embeddable":true,"href":"https:\/\/nightdriveoptics.com\/fr\/wp-json\/wp\/v2\/product_brand?post=302"},{"taxonomy":"product_cat","embeddable":true,"href":"https:\/\/nightdriveoptics.com\/fr\/wp-json\/wp\/v2\/product_cat?post=302"},{"taxonomy":"product_tag","embeddable":true,"href":"https:\/\/nightdriveoptics.com\/fr\/wp-json\/wp\/v2\/product_tag?post=302"}],"curies":[{"name":"wp","href":"https:\/\/api.w.org\/{rel}","templated":true}]}}